{"id":13,"date":"2022-06-05T17:03:27","date_gmt":"2022-06-05T16:03:27","guid":{"rendered":"http:\/\/www.naturjuwel-altarm.at\/?page_id=13"},"modified":"2023-03-06T15:40:59","modified_gmt":"2023-03-06T14:40:59","slug":"beitrage","status":"publish","type":"page","link":"https:\/\/www.naturjuwel-altarm.at\/?page_id=13","title":{"rendered":"Wer wir sind"},"content":{"rendered":"\t\t<div data-elementor-type=\"wp-page\" data-elementor-id=\"13\" class=\"elementor elementor-13\">\n\t\t\t\t\t\t\t\t\t<header class=\"elementor-section elementor-top-section elementor-element elementor-element-eb9228d elementor-section-boxed elementor-section-height-default elementor-section-height-default\" data-id=\"eb9228d\" data-element_type=\"section\" data-settings=\"{&quot;background_background&quot;:&quot;classic&quot;}\">\n\t\t\t\t\t\t<div class=\"elementor-container elementor-column-gap-default\">\n\t\t\t\t\t<div class=\"elementor-column elementor-col-100 elementor-top-column elementor-element elementor-element-e79629a\" data-id=\"e79629a\" data-element_type=\"column\">\n\t\t\t<div class=\"elementor-widget-wrap elementor-element-populated\">\n\t\t\t\t\t\t\t\t<div class=\"elementor-element elementor-element-a55481b elementor-widget elementor-widget-heading\" data-id=\"a55481b\" data-element_type=\"widget\" data-widget_type=\"heading.default\">\n\t\t\t\t<div class=\"elementor-widget-container\">\n\t\t\t<style>\/*! elementor - v3.6.6 - 08-06-2022 *\/\n.elementor-heading-title{padding:0;margin:0;line-height:1}.elementor-widget-heading .elementor-heading-title[class*=elementor-size-]>a{color:inherit;font-size:inherit;line-height:inherit}.elementor-widget-heading .elementor-heading-title.elementor-size-small{font-size:15px}.elementor-widget-heading .elementor-heading-title.elementor-size-medium{font-size:19px}.elementor-widget-heading .elementor-heading-title.elementor-size-large{font-size:29px}.elementor-widget-heading .elementor-heading-title.elementor-size-xl{font-size:39px}.elementor-widget-heading .elementor-heading-title.elementor-size-xxl{font-size:59px}<\/style><h1 class=\"elementor-heading-title elementor-size-default\">Wer wir sind und was wir wollen  <\/h1>\t\t<\/div>\n\t\t\t\t<\/div>\n\t\t\t\t<div class=\"elementor-element elementor-element-df2013b elementor-widget elementor-widget-image\" data-id=\"df2013b\" data-element_type=\"widget\" data-widget_type=\"image.default\">\n\t\t\t\t<div class=\"elementor-widget-container\">\n\t\t\t<style>\/*! elementor - v3.6.6 - 08-06-2022 *\/\n.elementor-widget-image{text-align:center}.elementor-widget-image a{display:inline-block}.elementor-widget-image a img[src$=\".svg\"]{width:48px}.elementor-widget-image img{vertical-align:middle;display:inline-block}<\/style>\t\t\t\t\t\t\t\t\t<figure class=\"wp-caption\">\n\t\t\t\t\t\t\t\t\t\t<img loading=\"lazy\" decoding=\"async\" width=\"800\" height=\"450\" src=\"https:\/\/www.naturjuwel-altarm.at\/wp-content\/uploads\/2022\/08\/Juwelen-bearbeitet-3-1024x576.jpg\" class=\"attachment-large size-large\" alt=\"Vorstand\" srcset=\"https:\/\/www.naturjuwel-altarm.at\/wp-content\/uploads\/2022\/08\/Juwelen-bearbeitet-3-1024x576.jpg 1024w, https:\/\/www.naturjuwel-altarm.at\/wp-content\/uploads\/2022\/08\/Juwelen-bearbeitet-3-300x169.jpg 300w, https:\/\/www.naturjuwel-altarm.at\/wp-content\/uploads\/2022\/08\/Juwelen-bearbeitet-3-768x432.jpg 768w, https:\/\/www.naturjuwel-altarm.at\/wp-content\/uploads\/2022\/08\/Juwelen-bearbeitet-3-1536x864.jpg 1536w, https:\/\/www.naturjuwel-altarm.at\/wp-content\/uploads\/2022\/08\/Juwelen-bearbeitet-3-2048x1152.jpg 2048w\" sizes=\"auto, (max-width: 800px) 100vw, 800px\" \/>\t\t\t\t\t\t\t\t\t\t\t<figcaption class=\"widget-image-caption wp-caption-text\">Brigitte Hartner, Renate Edelbauer-Daimler, Brigitte Marian, Christian Krottendorfer, Foto Mirella Rusch<\/figcaption>\n\t\t\t\t\t\t\t\t\t\t<\/figure>\n\t\t\t\t\t\t\t\t\t<\/div>\n\t\t\t\t<\/div>\n\t\t\t\t\t<\/div>\n\t\t<\/div>\n\t\t\t\t\t\t\t<\/div>\n\t\t<\/header>\n\t\t\t\t<article class=\"elementor-section elementor-top-section elementor-element elementor-element-53c0394 elementor-section-boxed elementor-section-height-default elementor-section-height-default\" data-id=\"53c0394\" data-element_type=\"section\">\n\t\t\t\t\t\t<div class=\"elementor-container elementor-column-gap-default\">\n\t\t\t\t\t<div class=\"elementor-column elementor-col-100 elementor-top-column elementor-element elementor-element-58335a7\" data-id=\"58335a7\" data-element_type=\"column\">\n\t\t\t<div class=\"elementor-widget-wrap elementor-element-populated\">\n\t\t\t\t\t\t\t\t<div class=\"elementor-element elementor-element-a9e25ce elementor-widget elementor-widget-text-editor\" data-id=\"a9e25ce\" data-element_type=\"widget\" data-widget_type=\"text-editor.default\">\n\t\t\t\t<div class=\"elementor-widget-container\">\n\t\t\t<style>\/*! elementor - v3.6.6 - 08-06-2022 *\/\n.elementor-widget-text-editor.elementor-drop-cap-view-stacked .elementor-drop-cap{background-color:#818a91;color:#fff}.elementor-widget-text-editor.elementor-drop-cap-view-framed .elementor-drop-cap{color:#818a91;border:3px solid;background-color:transparent}.elementor-widget-text-editor:not(.elementor-drop-cap-view-default) .elementor-drop-cap{margin-top:8px}.elementor-widget-text-editor:not(.elementor-drop-cap-view-default) .elementor-drop-cap-letter{width:1em;height:1em}.elementor-widget-text-editor .elementor-drop-cap{float:left;text-align:center;line-height:1;font-size:50px}.elementor-widget-text-editor .elementor-drop-cap-letter{display:inline-block}<\/style>\t\t\t\t<p>Wir sind eine unabh\u00e4ngige, \u00fcberparteiliche Gruppe von engagierten B\u00fcrgerinnen und B\u00fcrgern, die sich daf\u00fcr einsetzen, das einmalige Biotop Naturjuwel- Altarm in Altenberg\/Greifenstein zu bewahren und zu sch\u00fctzen. Unser Ziel ist der Erhalt und die Verbesserung von Natur- Umwelt- und Artenschutz f\u00fcr Vegetation, Tier und Mensch am und im Altarm. Das umfasst auch die angrenzenden Ufergebiete, die \u00dcberschwemmungszonen und Gebiete, die unmittelbar Einfluss auf das Altarmareal haben oder haben k\u00f6nnten.<\/p>\n<p>Wir werden aktiv, wenn wir bedenkliche Entwicklungen sehen, die das Naturjuwel- Altarm oder seine n\u00e4chste Umgebung gef\u00e4hrden k\u00f6nnten.<br>Wir reagieren schnell und effizient und treten mit den zust\u00e4ndigen Beh\u00f6rden in Kontakt um Fakten zu erheben und gemeinsam L\u00f6sungen zu finden.<\/p>\n<p>Wir wollen mit Ihrer Unterst\u00fctzung effektive Handlungen setzen, die dem Schutz der Natur dienen und z\u00e4hlen auf Ihre starke Stimme, die es uns erm\u00f6glicht durch Petitionen und andere gemeinsame Ma\u00dfnahmen auf bedenkliche Entwicklungen in Altarmbereich rasch zu reagieren.<\/p>\n<p>Wir erhoffen uns eine effiziente und breite Bewegung von aufmerksamen, engagierten B\u00fcrgerinnen und B\u00fcrgern, unabh\u00e4ngig von ihrem Wohnort.<\/p>\t\t\t\t\t\t<\/div>\n\t\t\t\t<\/div>\n\t\t\t\t\t<\/div>\n\t\t<\/div>\n\t\t\t\t\t\t\t<\/div>\n\t\t<\/article>\n\t\t\t\t\t\t\t<\/div>\n\t\t","protected":false},"excerpt":{"rendered":"<p>Wer wir sind und was wir wollen Brigitte Hartner, Renate Edelbauer-Daimler, Brigitte Marian, Christian Krottendorfer, Foto Mirella Rusch Wir sind eine unabh\u00e4ngige, \u00fcberparteiliche Gruppe von engagierten B\u00fcrgerinnen und B\u00fcrgern, die sich daf\u00fcr einsetzen, das einmalige Biotop Naturjuwel- Altarm in Altenberg\/Greifenstein zu bewahren und zu sch\u00fctzen. Unser Ziel ist der Erhalt und die Verbesserung von Natur- [&hellip;]<\/p>\n","protected":false},"author":1,"featured_media":0,"parent":0,"menu_order":0,"comment_status":"closed","ping_status":"closed","template":"elementor_header_footer","meta":{"om_disable_all_campaigns":false,"_monsterinsights_skip_tracking":false,"_monsterinsights_sitenote_active":false,"_monsterinsights_sitenote_note":"","_monsterinsights_sitenote_category":0,"footnotes":""},"class_list":["post-13","page","type-page","status-publish","hentry"],"aioseo_notices":[],"_links":{"self":[{"href":"https:\/\/www.naturjuwel-altarm.at\/index.php?rest_route=\/wp\/v2\/pages\/13","targetHints":{"allow":["GET"]}}],"collection":[{"href":"https:\/\/www.naturjuwel-altarm.at\/index.php?rest_route=\/wp\/v2\/pages"}],"about":[{"href":"https:\/\/www.naturjuwel-altarm.at\/index.php?rest_route=\/wp\/v2\/types\/page"}],"author":[{"embeddable":true,"href":"https:\/\/www.naturjuwel-altarm.at\/index.php?rest_route=\/wp\/v2\/users\/1"}],"replies":[{"embeddable":true,"href":"https:\/\/www.naturjuwel-altarm.at\/index.php?rest_route=%2Fwp%2Fv2%2Fcomments&post=13"}],"version-history":[{"count":139,"href":"https:\/\/www.naturjuwel-altarm.at\/index.php?rest_route=\/wp\/v2\/pages\/13\/revisions"}],"predecessor-version":[{"id":1631,"href":"https:\/\/www.naturjuwel-altarm.at\/index.php?rest_route=\/wp\/v2\/pages\/13\/revisions\/1631"}],"wp:attachment":[{"href":"https:\/\/www.naturjuwel-altarm.at\/index.php?rest_route=%2Fwp%2Fv2%2Fmedia&parent=13"}],"curies":[{"name":"wp","href":"https:\/\/api.w.org\/{rel}","templated":true}]}}