{"id":444,"date":"2022-07-31T19:43:26","date_gmt":"2022-07-31T17:43:26","guid":{"rendered":"https:\/\/www.naturjuwel-altarm.at\/?page_id=444"},"modified":"2023-08-17T08:20:01","modified_gmt":"2023-08-17T06:20:01","slug":"impressum","status":"publish","type":"page","link":"https:\/\/www.naturjuwel-altarm.at\/?page_id=444","title":{"rendered":""},"content":{"rendered":"\t\t<div data-elementor-type=\"wp-page\" data-elementor-id=\"444\" class=\"elementor elementor-444\">\n\t\t\t\t\t\t\t\t\t<section class=\"elementor-section elementor-top-section elementor-element elementor-element-2e973b0 elementor-section-boxed elementor-section-height-default elementor-section-height-default\" data-id=\"2e973b0\" data-element_type=\"section\">\n\t\t\t\t\t\t<div class=\"elementor-container elementor-column-gap-default\">\n\t\t\t\t\t<div class=\"elementor-column elementor-col-100 elementor-top-column elementor-element elementor-element-0c59790\" data-id=\"0c59790\" data-element_type=\"column\">\n\t\t\t<div class=\"elementor-widget-wrap elementor-element-populated\">\n\t\t\t\t\t\t\t\t<div class=\"elementor-element elementor-element-747958a elementor-widget elementor-widget-text-editor\" data-id=\"747958a\" data-element_type=\"widget\" data-widget_type=\"text-editor.default\">\n\t\t\t\t<div class=\"elementor-widget-container\">\n\t\t\t<style>\/*! elementor - v3.6.6 - 08-06-2022 *\/\n.elementor-widget-text-editor.elementor-drop-cap-view-stacked .elementor-drop-cap{background-color:#818a91;color:#fff}.elementor-widget-text-editor.elementor-drop-cap-view-framed .elementor-drop-cap{color:#818a91;border:3px solid;background-color:transparent}.elementor-widget-text-editor:not(.elementor-drop-cap-view-default) .elementor-drop-cap{margin-top:8px}.elementor-widget-text-editor:not(.elementor-drop-cap-view-default) .elementor-drop-cap-letter{width:1em;height:1em}.elementor-widget-text-editor .elementor-drop-cap{float:left;text-align:center;line-height:1;font-size:50px}.elementor-widget-text-editor .elementor-drop-cap-letter{display:inline-block}<\/style>\t\t\t\t<h1>Impressum und Offenlegung gem\u00e4\u00df<\/h1>\n<h1>\u00a724 und \u00a725 Mediengesetz<\/h1>\n<div>\u00a0<\/div>\n<h2>Inhaber und Herausgeber<\/h2>\n<div>Verein Plattform Naturjuwel-Altarm<\/div>\n<div>\n<p>Renate Edelbauer-Daimler, Brigitte Hartner, Christian Krottendorfer, Brigitte Marian.<\/p>\n<p>ZVR-Zahl: 1177887594<\/p>\n<p>\u00a0<\/p>\n<\/div>\n<p><!-- \/wp:paragraph --><\/p>\n<p><!-- wp:paragraph --><\/p>\n<h2>Adresse<\/h2>\n<p>Plattform Naturjuwel-Altarm, Josef-Karner-Platz 1, 3423 St.Andr\u00e4-W\u00f6rdern.<br \/>Email: plattform-altarm@gmx.at<\/p>\n<p>\u00a0<\/p>\n<h2>Links<\/h2>\n<div>\n<p>Auf dieser Webseite finden sich gegebenenfalls Links zu anderen Webseiten. Der Verein Plattform Naturjuwel-Altarm hat keinen Einfluss auf den Inhalt der\u00a0 verlinkten Seiten. Es sind ausschlie\u00dflich deren Betreiber und Betreiberinnen daf\u00fcr verantwortlich. Das Setzen von Links auf andere Seiten durch die Plattform Naturjuwel-Altarm bedeutet keine \u00dcbernahme von und keine Solidarisierung mit den dort eingestellten Inhalten.<\/p>\n<p>\u00a0<\/p>\n<h2>Fotos<\/h2>\n<div>Wenn nicht anders angegeben:<\/div>\n<div>Christian Krottendorfer<\/div>\n<\/div>\t\t\t\t\t\t<\/div>\n\t\t\t\t<\/div>\n\t\t\t\t\t<\/div>\n\t\t<\/div>\n\t\t\t\t\t\t\t<\/div>\n\t\t<\/section>\n\t\t\t\t\t\t\t<\/div>\n\t\t","protected":false},"excerpt":{"rendered":"<p>Impressum und Offenlegung gem\u00e4\u00df \u00a724 und \u00a725 Mediengesetz \u00a0 Inhaber und Herausgeber Verein Plattform Naturjuwel-Altarm Renate Edelbauer-Daimler, Brigitte Hartner, Christian Krottendorfer, Brigitte Marian. ZVR-Zahl: 1177887594 \u00a0 Adresse Plattform Naturjuwel-Altarm, Josef-Karner-Platz 1, 3423 St.Andr\u00e4-W\u00f6rdern.Email: plattform-altarm@gmx.at \u00a0 Links Auf dieser Webseite finden sich gegebenenfalls Links zu anderen Webseiten. Der Verein Plattform Naturjuwel-Altarm hat keinen Einfluss auf den [&hellip;]<\/p>\n","protected":false},"author":1,"featured_media":0,"parent":0,"menu_order":0,"comment_status":"closed","ping_status":"closed","template":"","meta":{"om_disable_all_campaigns":false,"_monsterinsights_skip_tracking":false,"_monsterinsights_sitenote_active":false,"_monsterinsights_sitenote_note":"","_monsterinsights_sitenote_category":0,"footnotes":""},"class_list":["post-444","page","type-page","status-publish","hentry"],"aioseo_notices":[],"_links":{"self":[{"href":"https:\/\/www.naturjuwel-altarm.at\/index.php?rest_route=\/wp\/v2\/pages\/444","targetHints":{"allow":["GET"]}}],"collection":[{"href":"https:\/\/www.naturjuwel-altarm.at\/index.php?rest_route=\/wp\/v2\/pages"}],"about":[{"href":"https:\/\/www.naturjuwel-altarm.at\/index.php?rest_route=\/wp\/v2\/types\/page"}],"author":[{"embeddable":true,"href":"https:\/\/www.naturjuwel-altarm.at\/index.php?rest_route=\/wp\/v2\/users\/1"}],"replies":[{"embeddable":true,"href":"https:\/\/www.naturjuwel-altarm.at\/index.php?rest_route=%2Fwp%2Fv2%2Fcomments&post=444"}],"version-history":[{"count":62,"href":"https:\/\/www.naturjuwel-altarm.at\/index.php?rest_route=\/wp\/v2\/pages\/444\/revisions"}],"predecessor-version":[{"id":1695,"href":"https:\/\/www.naturjuwel-altarm.at\/index.php?rest_route=\/wp\/v2\/pages\/444\/revisions\/1695"}],"wp:attachment":[{"href":"https:\/\/www.naturjuwel-altarm.at\/index.php?rest_route=%2Fwp%2Fv2%2Fmedia&parent=444"}],"curies":[{"name":"wp","href":"https:\/\/api.w.org\/{rel}","templated":true}]}}